{"id":223,"date":"2025-12-03T04:32:19","date_gmt":"2025-12-03T04:32:19","guid":{"rendered":"https:\/\/pyp-deco.cl\/?page_id=223"},"modified":"2026-01-07T16:31:31","modified_gmt":"2026-01-07T16:31:31","slug":"quienes-somos","status":"publish","type":"page","link":"https:\/\/pyp-deco.cl\/?page_id=223","title":{"rendered":"Quienes Somos"},"content":{"rendered":"\t\t<div data-elementor-type=\"wp-page\" data-elementor-id=\"223\" class=\"elementor elementor-223\" data-elementor-post-type=\"page\">\n\t\t\t\t\t\t<section class=\"elementor-section elementor-top-section elementor-element elementor-element-5889d9fe elementor-section-height-min-height elementor-section-boxed elementor-section-height-default elementor-section-items-middle\" data-id=\"5889d9fe\" data-element_type=\"section\" data-settings=\"{&quot;background_background&quot;:&quot;classic&quot;,&quot;background_motion_fx_motion_fx_scrolling&quot;:&quot;yes&quot;,&quot;background_motion_fx_translateY_effect&quot;:&quot;yes&quot;,&quot;background_motion_fx_translateY_speed&quot;:{&quot;unit&quot;:&quot;px&quot;,&quot;size&quot;:7,&quot;sizes&quot;:[]},&quot;background_motion_fx_translateY_affectedRange&quot;:{&quot;unit&quot;:&quot;%&quot;,&quot;size&quot;:&quot;&quot;,&quot;sizes&quot;:{&quot;start&quot;:0,&quot;end&quot;:100}},&quot;background_motion_fx_devices&quot;:[&quot;desktop&quot;,&quot;tablet&quot;,&quot;mobile&quot;]}\">\n\t\t\t\t\t\t\t<div class=\"elementor-background-overlay\"><\/div>\n\t\t\t\t\t\t\t<div class=\"elementor-container elementor-column-gap-default\">\n\t\t\t\t\t<div class=\"elementor-column elementor-col-100 elementor-top-column elementor-element elementor-element-74f4d5a7\" data-id=\"74f4d5a7\" data-element_type=\"column\">\n\t\t\t<div class=\"elementor-widget-wrap elementor-element-populated\">\n\t\t\t\t\t\t<div class=\"elementor-element elementor-element-32ff0d89 elementor-invisible elementor-widget elementor-widget-heading\" data-id=\"32ff0d89\" data-element_type=\"widget\" data-settings=\"{&quot;_animation&quot;:&quot;fadeInUp&quot;}\" data-widget_type=\"heading.default\">\n\t\t\t\t\t<h1 class=\"elementor-heading-title elementor-size-default\">Quienes Somos<\/h1>\t\t\t\t<\/div>\n\t\t\t\t\t<\/div>\n\t\t<\/div>\n\t\t\t\t\t<\/div>\n\t\t<\/section>\n\t\t\t\t<section class=\"elementor-section elementor-top-section elementor-element elementor-element-2403f85b elementor-section-boxed elementor-section-height-default elementor-section-height-default\" data-id=\"2403f85b\" data-element_type=\"section\">\n\t\t\t\t\t\t<div class=\"elementor-container elementor-column-gap-default\">\n\t\t\t\t\t<div class=\"elementor-column elementor-col-50 elementor-top-column elementor-element elementor-element-63b4cca5\" data-id=\"63b4cca5\" data-element_type=\"column\">\n\t\t\t<div class=\"elementor-widget-wrap elementor-element-populated\">\n\t\t\t\t\t\t<div class=\"elementor-element elementor-element-6ffbb68 elementor-widget elementor-widget-heading\" data-id=\"6ffbb68\" data-element_type=\"widget\" data-widget_type=\"heading.default\">\n\t\t\t\t\t<h2 class=\"elementor-heading-title elementor-size-default\">Somos Calidad, Somos P&amp;P DECO<\/h2>\t\t\t\t<\/div>\n\t\t\t\t<div class=\"elementor-element elementor-element-7d994f5c elementor-widget elementor-widget-text-editor\" data-id=\"7d994f5c\" data-element_type=\"widget\" data-widget_type=\"text-editor.default\">\n\t\t\t\t\t\t\t\t\t<p>En P&amp;P DECO somos una f\u00e1brica de pinturas creada con una idea sencilla pero fundamental: entregar productos confiables, duraderos y hechos con dedicaci\u00f3n. Creemos que detr\u00e1s de cada proyecto hay esfuerzo, ganas y una historia, por eso trabajamos pensando en las personas que eligen nuestra marca. Nos caracteriza un trato cercano, transparente y directo, siempre enfocados en acompa\u00f1ar al cliente desde el inicio hasta el resultado final.<\/p>\t\t\t\t\t\t\t\t<\/div>\n\t\t\t\t\t<\/div>\n\t\t<\/div>\n\t\t\t\t<div class=\"elementor-column elementor-col-50 elementor-top-column elementor-element elementor-element-3ba11f7a\" data-id=\"3ba11f7a\" data-element_type=\"column\">\n\t\t\t<div class=\"elementor-widget-wrap elementor-element-populated\">\n\t\t\t\t\t\t<div class=\"elementor-element elementor-element-1bca190a elementor-widget elementor-widget-image\" data-id=\"1bca190a\" data-element_type=\"widget\" data-widget_type=\"image.default\">\n\t\t\t\t\t\t\t\t\t\t\t\t\t\t\t<img fetchpriority=\"high\" decoding=\"async\" width=\"1080\" height=\"720\" src=\"https:\/\/pyp-deco.cl\/wp-content\/uploads\/2025\/12\/Diseno-sin-titulo-2025-12-05T001847.488.jpg\" class=\"attachment-full size-full wp-image-536\" alt=\"\" srcset=\"https:\/\/pyp-deco.cl\/wp-content\/uploads\/2025\/12\/Diseno-sin-titulo-2025-12-05T001847.488.jpg 1080w, https:\/\/pyp-deco.cl\/wp-content\/uploads\/2025\/12\/Diseno-sin-titulo-2025-12-05T001847.488-300x200.jpg 300w, https:\/\/pyp-deco.cl\/wp-content\/uploads\/2025\/12\/Diseno-sin-titulo-2025-12-05T001847.488-1024x683.jpg 1024w, https:\/\/pyp-deco.cl\/wp-content\/uploads\/2025\/12\/Diseno-sin-titulo-2025-12-05T001847.488-768x512.jpg 768w, https:\/\/pyp-deco.cl\/wp-content\/uploads\/2025\/12\/Diseno-sin-titulo-2025-12-05T001847.488-600x400.jpg 600w\" sizes=\"(max-width: 1080px) 100vw, 1080px\" \/>\t\t\t\t\t\t\t\t\t\t\t\t\t\t\t<\/div>\n\t\t\t\t\t<\/div>\n\t\t<\/div>\n\t\t\t\t\t<\/div>\n\t\t<\/section>\n\t\t\t\t<section class=\"elementor-section elementor-top-section elementor-element elementor-element-1337e454 elementor-section-boxed elementor-section-height-default elementor-section-height-default\" data-id=\"1337e454\" data-element_type=\"section\" data-settings=\"{&quot;background_background&quot;:&quot;classic&quot;}\">\n\t\t\t\t\t\t\t<div class=\"elementor-background-overlay\"><\/div>\n\t\t\t\t\t\t\t<div class=\"elementor-container elementor-column-gap-default\">\n\t\t\t\t\t<div class=\"elementor-column elementor-col-100 elementor-top-column elementor-element elementor-element-44898511\" data-id=\"44898511\" data-element_type=\"column\">\n\t\t\t<div class=\"elementor-widget-wrap elementor-element-populated\">\n\t\t\t\t\t\t<div class=\"elementor-element elementor-element-24b53b06 elementor-widget elementor-widget-heading\" data-id=\"24b53b06\" data-element_type=\"widget\" data-widget_type=\"heading.default\">\n\t\t\t\t\t<h2 class=\"elementor-heading-title elementor-size-default\">Nuestra Historia<\/h2>\t\t\t\t<\/div>\n\t\t\t\t<div class=\"elementor-element elementor-element-2d0a219a elementor-widget elementor-widget-text-editor\" data-id=\"2d0a219a\" data-element_type=\"widget\" data-widget_type=\"text-editor.default\">\n\t\t\t\t\t\t\t\t\t<p>P&amp;P DECO nace con el prop\u00f3sito de simplificar la experiencia de quienes buscan pintar, renovar o proteger sus espacios. Desde nuestros inicios, decidimos fabricar pinturas que respondan de verdad: con buena terminaci\u00f3n, rendimiento consistente y calidad estable.<br data-start=\"1122\" data-end=\"1125\" \/>A lo largo de los a\u00f1os, hemos perfeccionado nuestras f\u00f3rmulas, incorporando materias primas de alto est\u00e1ndar y procesos de control que aseguran que cada lote mantenga el nivel que prometemos. Hoy seguimos creciendo, pero sin perder nuestra esencia: hacer pinturas de calidad, con honestidad y compromiso.<\/p>\t\t\t\t\t\t\t\t<\/div>\n\t\t\t\t<div class=\"elementor-element elementor-element-5b6855b0 elementor-view-stacked elementor-position-left elementor-shape-circle elementor-mobile-position-top elementor-widget elementor-widget-icon-box\" data-id=\"5b6855b0\" data-element_type=\"widget\" data-widget_type=\"icon-box.default\">\n\t\t\t\t\t\t\t<div class=\"elementor-icon-box-wrapper\">\n\n\t\t\t\t\t\t<div class=\"elementor-icon-box-icon\">\n\t\t\t\t<span  class=\"elementor-icon\">\n\t\t\t\t<i aria-hidden=\"true\" class=\"icon icon-light-bulb1\"><\/i>\t\t\t\t<\/span>\n\t\t\t<\/div>\n\t\t\t\n\t\t\t\t\t\t<div class=\"elementor-icon-box-content\">\n\n\t\t\t\t\t\t\t\t\t<h4 class=\"elementor-icon-box-title\">\n\t\t\t\t\t\t<span  >\n\t\t\t\t\t\t\tVisi\u00f3n\t\t\t\t\t\t<\/span>\n\t\t\t\t\t<\/h4>\n\t\t\t\t\n\t\t\t\t\t\t\t\t\t<p class=\"elementor-icon-box-description\">\n\t\t\t\t\t\tSer una marca reconocida a nivel nacional por la calidad de nuestras pinturas, la transparencia en nuestro servicio y la confiabilidad que ofrecemos a hogares, comercios y empresas.\t\t\t\t\t<\/p>\n\t\t\t\t\n\t\t\t<\/div>\n\t\t\t\n\t\t<\/div>\n\t\t\t\t\t\t<\/div>\n\t\t\t\t<div class=\"elementor-element elementor-element-1dd4fdb elementor-view-stacked elementor-position-left elementor-shape-circle elementor-mobile-position-top elementor-widget elementor-widget-icon-box\" data-id=\"1dd4fdb\" data-element_type=\"widget\" data-widget_type=\"icon-box.default\">\n\t\t\t\t\t\t\t<div class=\"elementor-icon-box-wrapper\">\n\n\t\t\t\t\t\t<div class=\"elementor-icon-box-icon\">\n\t\t\t\t<span  class=\"elementor-icon\">\n\t\t\t\t<i aria-hidden=\"true\" class=\"icon icon-paint-brushes\"><\/i>\t\t\t\t<\/span>\n\t\t\t<\/div>\n\t\t\t\n\t\t\t\t\t\t<div class=\"elementor-icon-box-content\">\n\n\t\t\t\t\t\t\t\t\t<h4 class=\"elementor-icon-box-title\">\n\t\t\t\t\t\t<span  >\n\t\t\t\t\t\t\tMisi\u00f3n\t\t\t\t\t\t<\/span>\n\t\t\t\t\t<\/h4>\n\t\t\t\t\n\t\t\t\t\t\t\t\t\t<p class=\"elementor-icon-box-description\">\n\t\t\t\t\t\tFabricar pinturas confiables, duraderas y accesibles, pensadas para facilitar el trabajo de nuestros clientes y dar resultados de calidad en cada aplicaci\u00f3n.\t\t\t\t\t<\/p>\n\t\t\t\t\n\t\t\t<\/div>\n\t\t\t\n\t\t<\/div>\n\t\t\t\t\t\t<\/div>\n\t\t\t\t\t<\/div>\n\t\t<\/div>\n\t\t\t\t\t<\/div>\n\t\t<\/section>\n\t\t\t\t<section class=\"elementor-section elementor-top-section elementor-element elementor-element-4ecf99cc elementor-section-boxed elementor-section-height-default elementor-section-height-default\" data-id=\"4ecf99cc\" data-element_type=\"section\" data-settings=\"{&quot;background_background&quot;:&quot;classic&quot;}\">\n\t\t\t\t\t\t\t<div class=\"elementor-background-overlay\"><\/div>\n\t\t\t\t\t\t\t<div class=\"elementor-container elementor-column-gap-default\">\n\t\t\t\t\t<div class=\"elementor-column elementor-col-50 elementor-top-column elementor-element elementor-element-39bd8506\" data-id=\"39bd8506\" data-element_type=\"column\">\n\t\t\t<div class=\"elementor-widget-wrap elementor-element-populated\">\n\t\t\t\t\t\t<div class=\"elementor-element elementor-element-5ce2636 elementor-widget elementor-widget-video\" data-id=\"5ce2636\" data-element_type=\"widget\" data-settings=\"{&quot;video_type&quot;:&quot;hosted&quot;,&quot;controls&quot;:&quot;yes&quot;}\" data-widget_type=\"video.default\">\n\t\t\t\t\t\t\t<div class=\"e-hosted-video elementor-wrapper elementor-open-inline\">\n\t\t\t\t\t<video class=\"elementor-video\" src=\"https:\/\/pyp-deco.cl\/wp-content\/uploads\/2026\/01\/Quienes-Somos.mp4\" controls=\"\" preload=\"metadata\" controlsList=\"nodownload\"><\/video>\n\t\t\t\t<\/div>\n\t\t\t\t\t\t<\/div>\n\t\t\t\t\t<\/div>\n\t\t<\/div>\n\t\t\t\t<div class=\"elementor-column elementor-col-50 elementor-top-column elementor-element elementor-element-47479f4f\" data-id=\"47479f4f\" data-element_type=\"column\">\n\t\t\t<div class=\"elementor-widget-wrap elementor-element-populated\">\n\t\t\t\t\t\t<div class=\"elementor-element elementor-element-6059f252 elementor-widget elementor-widget-heading\" data-id=\"6059f252\" data-element_type=\"widget\" data-widget_type=\"heading.default\">\n\t\t\t\t\t<h2 class=\"elementor-heading-title elementor-size-default\">Nuestros Valores\n<\/h2>\t\t\t\t<\/div>\n\t\t\t\t<div class=\"elementor-element elementor-element-5735172b elementor-widget elementor-widget-text-editor\" data-id=\"5735172b\" data-element_type=\"widget\" data-widget_type=\"text-editor.default\">\n\t\t\t\t\t\t\t\t\t<ul><li><strong>Calidad Real:<\/strong> Fabricamos productos con altos est\u00e1ndares, procesos consistentes y constante supervisi\u00f3n t\u00e9cnica.<\/li><li><strong>Honestidad y Transparencia:\u00a0<\/strong>Nos gusta hablar claro y entregar informaci\u00f3n directa, sin complicaciones ni tecnicismos innecesarios.<\/li><li><strong>Cercan\u00eda con el Cliente:<\/strong> Atendemos con dedicaci\u00f3n, escuchando y guiando cada necesidad, grande o peque\u00f1a.<\/li><li><strong>Compromiso con el Resultado:<\/strong> No solo vendemos pintura: acompa\u00f1amos cada proyecto hasta que el cliente queda conforme.<\/li><li><strong>Trabajo Responsable:<\/strong> Priorizamos procesos seguros, responsables y alineados con buenas pr\u00e1cticas industriales.<\/li><\/ul>\t\t\t\t\t\t\t\t<\/div>\n\t\t\t\t\t<\/div>\n\t\t<\/div>\n\t\t\t\t\t<\/div>\n\t\t<\/section>\n\t\t\t\t<\/div>\n\t\t","protected":false},"excerpt":{"rendered":"<p>Somos Calidad, Somos P&amp;P DECO En P&amp;P DECO somos una f\u00e1brica de pinturas creada con una idea sencilla pero fundamental: [&hellip;]<\/p>\n","protected":false},"author":1,"featured_media":0,"parent":0,"menu_order":0,"comment_status":"closed","ping_status":"closed","template":"elementor_header_footer","meta":{"site-sidebar-layout":"no-sidebar","site-content-layout":"","ast-site-content-layout":"full-width-container","site-content-style":"default","site-sidebar-style":"default","ast-global-header-display":"","ast-banner-title-visibility":"","ast-main-header-display":"","ast-hfb-above-header-display":"","ast-hfb-below-header-display":"","ast-hfb-mobile-header-display":"","site-post-title":"","ast-breadcrumbs-content":"","ast-featured-img":"disabled","footer-sml-layout":"","theme-transparent-header-meta":"","adv-header-id-meta":"","stick-header-meta":"","header-above-stick-meta":"","header-main-stick-meta":"","header-below-stick-meta":"","astra-migrate-meta-layouts":"default","ast-page-background-enabled":"default","ast-page-background-meta":{"desktop":{"background-color":"var(--ast-global-color-5)","background-image":"","background-repeat":"repeat","background-position":"center center","background-size":"auto","background-attachment":"scroll","background-type":"","background-media":"","overlay-type":"","overlay-color":"","overlay-opacity":"","overlay-gradient":""},"tablet":{"background-color":"","background-image":"","background-repeat":"repeat","background-position":"center center","background-size":"auto","background-attachment":"scroll","background-type":"","background-media":"","overlay-type":"","overlay-color":"","overlay-opacity":"","overlay-gradient":""},"mobile":{"background-color":"","background-image":"","background-repeat":"repeat","background-position":"center center","background-size":"auto","background-attachment":"scroll","background-type":"","background-media":"","overlay-type":"","overlay-color":"","overlay-opacity":"","overlay-gradient":""}},"ast-content-background-meta":{"desktop":{"background-color":"var(--ast-global-color-4)","background-image":"","background-repeat":"repeat","background-position":"center center","background-size":"auto","background-attachment":"scroll","background-type":"","background-media":"","overlay-type":"","overlay-color":"","overlay-opacity":"","overlay-gradient":""},"tablet":{"background-color":"var(--ast-global-color-4)","background-image":"","background-repeat":"repeat","background-position":"center center","background-size":"auto","background-attachment":"scroll","background-type":"","background-media":"","overlay-type":"","overlay-color":"","overlay-opacity":"","overlay-gradient":""},"mobile":{"background-color":"var(--ast-global-color-4)","background-image":"","background-repeat":"repeat","background-position":"center center","background-size":"auto","background-attachment":"scroll","background-type":"","background-media":"","overlay-type":"","overlay-color":"","overlay-opacity":"","overlay-gradient":""}},"footnotes":""},"class_list":["post-223","page","type-page","status-publish","hentry"],"yoast_head":"<!-- This site is optimized with the Yoast SEO plugin v26.7 - https:\/\/yoast.com\/wordpress\/plugins\/seo\/ -->\n<title>Quienes Somos - PyP Deco<\/title>\n<meta name=\"robots\" content=\"index, follow, max-snippet:-1, max-image-preview:large, max-video-preview:-1\" \/>\n<link rel=\"canonical\" href=\"https:\/\/pyp-deco.cl\/?page_id=223\" \/>\n<meta property=\"og:locale\" content=\"es_ES\" \/>\n<meta property=\"og:type\" content=\"article\" \/>\n<meta property=\"og:title\" content=\"Quienes Somos - PyP Deco\" \/>\n<meta property=\"og:description\" content=\"Somos Calidad, Somos P&amp;P DECO En P&amp;P DECO somos una f\u00e1brica de pinturas creada con una idea sencilla pero fundamental: [&hellip;]\" \/>\n<meta property=\"og:url\" content=\"https:\/\/pyp-deco.cl\/?page_id=223\" \/>\n<meta property=\"og:site_name\" content=\"PyP Deco\" \/>\n<meta property=\"article:modified_time\" content=\"2026-01-07T16:31:31+00:00\" \/>\n<meta property=\"og:image\" content=\"https:\/\/pyp-deco.cl\/wp-content\/uploads\/2025\/12\/Diseno-sin-titulo-2025-12-05T001847.488.jpg\" \/>\n\t<meta property=\"og:image:width\" content=\"1080\" \/>\n\t<meta property=\"og:image:height\" content=\"720\" \/>\n\t<meta property=\"og:image:type\" content=\"image\/jpeg\" \/>\n<meta name=\"twitter:card\" content=\"summary_large_image\" \/>\n<meta name=\"twitter:label1\" content=\"Tiempo de lectura\" \/>\n\t<meta name=\"twitter:data1\" content=\"2 minutos\" \/>\n<script type=\"application\/ld+json\" class=\"yoast-schema-graph\">{\"@context\":\"https:\/\/schema.org\",\"@graph\":[{\"@type\":\"WebPage\",\"@id\":\"https:\/\/pyp-deco.cl\/?page_id=223\",\"url\":\"https:\/\/pyp-deco.cl\/?page_id=223\",\"name\":\"Quienes Somos - PyP Deco\",\"isPartOf\":{\"@id\":\"https:\/\/pyp-deco.cl\/#website\"},\"primaryImageOfPage\":{\"@id\":\"https:\/\/pyp-deco.cl\/?page_id=223#primaryimage\"},\"image\":{\"@id\":\"https:\/\/pyp-deco.cl\/?page_id=223#primaryimage\"},\"thumbnailUrl\":\"https:\/\/pyp-deco.cl\/wp-content\/uploads\/2025\/12\/Diseno-sin-titulo-2025-12-05T001847.488.jpg\",\"datePublished\":\"2025-12-03T04:32:19+00:00\",\"dateModified\":\"2026-01-07T16:31:31+00:00\",\"breadcrumb\":{\"@id\":\"https:\/\/pyp-deco.cl\/?page_id=223#breadcrumb\"},\"inLanguage\":\"es\",\"potentialAction\":[{\"@type\":\"ReadAction\",\"target\":[\"https:\/\/pyp-deco.cl\/?page_id=223\"]}]},{\"@type\":\"ImageObject\",\"inLanguage\":\"es\",\"@id\":\"https:\/\/pyp-deco.cl\/?page_id=223#primaryimage\",\"url\":\"https:\/\/pyp-deco.cl\/wp-content\/uploads\/2025\/12\/Diseno-sin-titulo-2025-12-05T001847.488.jpg\",\"contentUrl\":\"https:\/\/pyp-deco.cl\/wp-content\/uploads\/2025\/12\/Diseno-sin-titulo-2025-12-05T001847.488.jpg\",\"width\":1080,\"height\":720},{\"@type\":\"BreadcrumbList\",\"@id\":\"https:\/\/pyp-deco.cl\/?page_id=223#breadcrumb\",\"itemListElement\":[{\"@type\":\"ListItem\",\"position\":1,\"name\":\"Portada\",\"item\":\"https:\/\/pyp-deco.cl\/\"},{\"@type\":\"ListItem\",\"position\":2,\"name\":\"Quienes Somos\"}]},{\"@type\":\"WebSite\",\"@id\":\"https:\/\/pyp-deco.cl\/#website\",\"url\":\"https:\/\/pyp-deco.cl\/\",\"name\":\"PyP Deco\",\"description\":\"F\u00e1brica de Pinturas\",\"publisher\":{\"@id\":\"https:\/\/pyp-deco.cl\/#organization\"},\"potentialAction\":[{\"@type\":\"SearchAction\",\"target\":{\"@type\":\"EntryPoint\",\"urlTemplate\":\"https:\/\/pyp-deco.cl\/?s={search_term_string}\"},\"query-input\":{\"@type\":\"PropertyValueSpecification\",\"valueRequired\":true,\"valueName\":\"search_term_string\"}}],\"inLanguage\":\"es\"},{\"@type\":\"Organization\",\"@id\":\"https:\/\/pyp-deco.cl\/#organization\",\"name\":\"PyP Deco\",\"url\":\"https:\/\/pyp-deco.cl\/\",\"logo\":{\"@type\":\"ImageObject\",\"inLanguage\":\"es\",\"@id\":\"https:\/\/pyp-deco.cl\/#\/schema\/logo\/image\/\",\"url\":\"https:\/\/pyp-deco.cl\/wp-content\/uploads\/2025\/12\/logo-6.png\",\"contentUrl\":\"https:\/\/pyp-deco.cl\/wp-content\/uploads\/2025\/12\/logo-6.png\",\"width\":500,\"height\":500,\"caption\":\"PyP Deco\"},\"image\":{\"@id\":\"https:\/\/pyp-deco.cl\/#\/schema\/logo\/image\/\"}}]}<\/script>\n<!-- \/ Yoast SEO plugin. -->","yoast_head_json":{"title":"Quienes Somos - PyP Deco","robots":{"index":"index","follow":"follow","max-snippet":"max-snippet:-1","max-image-preview":"max-image-preview:large","max-video-preview":"max-video-preview:-1"},"canonical":"https:\/\/pyp-deco.cl\/?page_id=223","og_locale":"es_ES","og_type":"article","og_title":"Quienes Somos - PyP Deco","og_description":"Somos Calidad, Somos P&amp;P DECO En P&amp;P DECO somos una f\u00e1brica de pinturas creada con una idea sencilla pero fundamental: [&hellip;]","og_url":"https:\/\/pyp-deco.cl\/?page_id=223","og_site_name":"PyP Deco","article_modified_time":"2026-01-07T16:31:31+00:00","og_image":[{"width":1080,"height":720,"url":"https:\/\/pyp-deco.cl\/wp-content\/uploads\/2025\/12\/Diseno-sin-titulo-2025-12-05T001847.488.jpg","type":"image\/jpeg"}],"twitter_card":"summary_large_image","twitter_misc":{"Tiempo de lectura":"2 minutos"},"schema":{"@context":"https:\/\/schema.org","@graph":[{"@type":"WebPage","@id":"https:\/\/pyp-deco.cl\/?page_id=223","url":"https:\/\/pyp-deco.cl\/?page_id=223","name":"Quienes Somos - PyP Deco","isPartOf":{"@id":"https:\/\/pyp-deco.cl\/#website"},"primaryImageOfPage":{"@id":"https:\/\/pyp-deco.cl\/?page_id=223#primaryimage"},"image":{"@id":"https:\/\/pyp-deco.cl\/?page_id=223#primaryimage"},"thumbnailUrl":"https:\/\/pyp-deco.cl\/wp-content\/uploads\/2025\/12\/Diseno-sin-titulo-2025-12-05T001847.488.jpg","datePublished":"2025-12-03T04:32:19+00:00","dateModified":"2026-01-07T16:31:31+00:00","breadcrumb":{"@id":"https:\/\/pyp-deco.cl\/?page_id=223#breadcrumb"},"inLanguage":"es","potentialAction":[{"@type":"ReadAction","target":["https:\/\/pyp-deco.cl\/?page_id=223"]}]},{"@type":"ImageObject","inLanguage":"es","@id":"https:\/\/pyp-deco.cl\/?page_id=223#primaryimage","url":"https:\/\/pyp-deco.cl\/wp-content\/uploads\/2025\/12\/Diseno-sin-titulo-2025-12-05T001847.488.jpg","contentUrl":"https:\/\/pyp-deco.cl\/wp-content\/uploads\/2025\/12\/Diseno-sin-titulo-2025-12-05T001847.488.jpg","width":1080,"height":720},{"@type":"BreadcrumbList","@id":"https:\/\/pyp-deco.cl\/?page_id=223#breadcrumb","itemListElement":[{"@type":"ListItem","position":1,"name":"Portada","item":"https:\/\/pyp-deco.cl\/"},{"@type":"ListItem","position":2,"name":"Quienes Somos"}]},{"@type":"WebSite","@id":"https:\/\/pyp-deco.cl\/#website","url":"https:\/\/pyp-deco.cl\/","name":"PyP Deco","description":"F\u00e1brica de Pinturas","publisher":{"@id":"https:\/\/pyp-deco.cl\/#organization"},"potentialAction":[{"@type":"SearchAction","target":{"@type":"EntryPoint","urlTemplate":"https:\/\/pyp-deco.cl\/?s={search_term_string}"},"query-input":{"@type":"PropertyValueSpecification","valueRequired":true,"valueName":"search_term_string"}}],"inLanguage":"es"},{"@type":"Organization","@id":"https:\/\/pyp-deco.cl\/#organization","name":"PyP Deco","url":"https:\/\/pyp-deco.cl\/","logo":{"@type":"ImageObject","inLanguage":"es","@id":"https:\/\/pyp-deco.cl\/#\/schema\/logo\/image\/","url":"https:\/\/pyp-deco.cl\/wp-content\/uploads\/2025\/12\/logo-6.png","contentUrl":"https:\/\/pyp-deco.cl\/wp-content\/uploads\/2025\/12\/logo-6.png","width":500,"height":500,"caption":"PyP Deco"},"image":{"@id":"https:\/\/pyp-deco.cl\/#\/schema\/logo\/image\/"}}]}},"_links":{"self":[{"href":"https:\/\/pyp-deco.cl\/index.php?rest_route=\/wp\/v2\/pages\/223","targetHints":{"allow":["GET"]}}],"collection":[{"href":"https:\/\/pyp-deco.cl\/index.php?rest_route=\/wp\/v2\/pages"}],"about":[{"href":"https:\/\/pyp-deco.cl\/index.php?rest_route=\/wp\/v2\/types\/page"}],"author":[{"embeddable":true,"href":"https:\/\/pyp-deco.cl\/index.php?rest_route=\/wp\/v2\/users\/1"}],"replies":[{"embeddable":true,"href":"https:\/\/pyp-deco.cl\/index.php?rest_route=%2Fwp%2Fv2%2Fcomments&post=223"}],"version-history":[{"count":46,"href":"https:\/\/pyp-deco.cl\/index.php?rest_route=\/wp\/v2\/pages\/223\/revisions"}],"predecessor-version":[{"id":810,"href":"https:\/\/pyp-deco.cl\/index.php?rest_route=\/wp\/v2\/pages\/223\/revisions\/810"}],"wp:attachment":[{"href":"https:\/\/pyp-deco.cl\/index.php?rest_route=%2Fwp%2Fv2%2Fmedia&parent=223"}],"curies":[{"name":"wp","href":"https:\/\/api.w.org\/{rel}","templated":true}]}}